{"id":146,"date":"2015-01-27T15:57:11","date_gmt":"2015-01-27T13:57:11","guid":{"rendered":"http:\/\/www.gewerbedom.de\/?page_id=146"},"modified":"2015-01-27T16:14:53","modified_gmt":"2015-01-27T14:14:53","slug":"ion-vorteile","status":"publish","type":"page","link":"https:\/\/www.gewerbedom.de\/?page_id=146","title":{"rendered":"ION Vorteile"},"content":{"rendered":"<p>Vorteile ION 90X<\/p>\n<ul>\n<li>\n<p align=\"LEFT\">Geringer Wasserinhalt des Wasserspenders von ca 80ccm, dies entspricht ca. ein halbes Glas Wasser, durch den geringen Wasserinhalt ist ein Verkeimung der Maschine ausgeschlossen<\/p>\n<\/li>\n<li>\n<p align=\"LEFT\">Die Spenderd\u00fcse ist konisch und bel\u00fcftet, dadurch l\u00e4uft sie komplett leer und kann austrocknen<\/p>\n<\/li>\n<li>\n<p align=\"LEFT\">Die Spenderd\u00fcsen sind Spuck- und Ber\u00fchrungsgesch\u00fctzt,eine sog. Firewall ist dadurch unn\u00f6tig<\/p>\n<\/li>\n<li>\n<p align=\"LEFT\">Wasserseitig haben wir Silbercarbon-Block-Filter<\/p>\n<p align=\"LEFT\">&#8211; unsere Filter sind sehr hochwertig und haben eine sichere Standzeit von 1 Jahr, werden jedoch alle 180 Tage getauscht<\/p>\n<p>&#8211;\u00a0 DIN 6650-6 Getr\u00e4nkeschankanlagen Teil 6: Anforderungen an Reinigung und Desinfektion<\/li>\n<li>\n<p align=\"LEFT\">Endlos Wasserzapfen ohne l\u00e4stiges Warten. Unsere Wasserspender arbeiten nach dem Eisbank Prinzip (Bier-Durchlaufk\u00fchlung)<\/p>\n<\/li>\n<li>\n<p align=\"LEFT\">Alle Teile des Wasser Spenders sind Sp\u00fclmaschinenfest<\/p>\n<\/li>\n<li>\n<p align=\"LEFT\">Der Energieverbrauch ist sehr gering da sich der Wasserspender automatisch bei Dunkelheit oder oder bei l\u00e4ngerem Stillstand aus schaltet<\/p>\n<\/li>\n<\/ul>\n<p><a href=\"http:\/\/www.gewerbedom.de\/wp-content\/uploads\/2015\/01\/ion_a4_ger.pdf\">Brosch\u00fcre<\/a><\/p>\n","protected":false},"excerpt":{"rendered":"<p>Vorteile ION 90X Geringer Wasserinhalt des Wasserspenders von ca 80ccm, dies entspricht ca. ein halbes Glas Wasser, durch den geringen Wasserinhalt ist ein Verkeimung der Maschine ausgeschlossen Die Spenderd\u00fcse ist konisch und bel\u00fcftet, dadurch l\u00e4uft sie komplett leer und kann&#8230;<br \/><a class=\"read-more-button\" href=\"https:\/\/www.gewerbedom.de\/?page_id=146\">Mehr Lesen<\/a><\/p>\n","protected":false},"author":1,"featured_media":0,"parent":0,"menu_order":0,"comment_status":"closed","ping_status":"closed","template":"","meta":{"footnotes":""},"class_list":["post-146","page","type-page","status-publish","hentry"],"_links":{"self":[{"href":"https:\/\/www.gewerbedom.de\/index.php?rest_route=\/wp\/v2\/pages\/146","targetHints":{"allow":["GET"]}}],"collection":[{"href":"https:\/\/www.gewerbedom.de\/index.php?rest_route=\/wp\/v2\/pages"}],"about":[{"href":"https:\/\/www.gewerbedom.de\/index.php?rest_route=\/wp\/v2\/types\/page"}],"author":[{"embeddable":true,"href":"https:\/\/www.gewerbedom.de\/index.php?rest_route=\/wp\/v2\/users\/1"}],"replies":[{"embeddable":true,"href":"https:\/\/www.gewerbedom.de\/index.php?rest_route=%2Fwp%2Fv2%2Fcomments&post=146"}],"version-history":[{"count":6,"href":"https:\/\/www.gewerbedom.de\/index.php?rest_route=\/wp\/v2\/pages\/146\/revisions"}],"predecessor-version":[{"id":163,"href":"https:\/\/www.gewerbedom.de\/index.php?rest_route=\/wp\/v2\/pages\/146\/revisions\/163"}],"wp:attachment":[{"href":"https:\/\/www.gewerbedom.de\/index.php?rest_route=%2Fwp%2Fv2%2Fmedia&parent=146"}],"curies":[{"name":"wp","href":"https:\/\/api.w.org\/{rel}","templated":true}]}}